{"id":3106,"date":"2022-11-02T21:11:56","date_gmt":"2022-11-03T03:11:56","guid":{"rendered":"https:\/\/vitaminaselsalvador.net\/?post_type=product&#038;p=3106"},"modified":"2025-07-24T10:06:23","modified_gmt":"2025-07-24T16:06:23","slug":"ultra-doceplex-bebible-energia-y-bienestar-diario-en-vitaglobe-potencia-tu-vitalidad-cada-dia","status":"publish","type":"product","link":"https:\/\/vitaminaselsalvador.net\/index.php\/product\/ultra-doceplex-bebible-energia-y-bienestar-diario-en-vitaglobe-potencia-tu-vitalidad-cada-dia\/","title":{"rendered":"Ultra Doceplex Bebible energ\u00eda y bienestar diario en VitaGlobe potencia tu vitalidad cada d\u00eda"},"content":{"rendered":"<div style=\"color:black;font-family: Arial, sans-serif\">\n\u00a1Descubre el <strong>Ultra Doceplex Bebible energ\u00eda y bienestar diario<\/strong> en VitaGlobe \u2013 Tu salud, sin fronteras! <\/p>\n<p>Este pr\u00e1ctico suplemento bebible ha sido dise\u00f1ado para brindar <strong>energ\u00eda y apoyo extra a tu d\u00eda a d\u00eda<\/strong>. Su presentaci\u00f3n innovadora en ampolletas facilita su consumo y es ideal para quienes buscan una opci\u00f3n sencilla para cuidar su salud.<\/p>\n<p>Con Ultra Doceplex Bebible en VitaGlobe cuentas con <strong>una alternativa confiable para complementar tu bienestar<\/strong> al ritmo de tu vida laboral, familiar o acad\u00e9mica. Recuerda siempre seguir las instrucciones de uso.<\/p>\n<p><strong>\u00a1Con\u00e9ctate con la salud desde cualquier lugar!<\/strong> En VitaGlobe, nuestro lema es: <strong>\u201cConectando salud con el mundo.\u201d<\/strong> \ud83d\ude42 Haz de Ultra Doceplex Bebible tu aliado y vive cada d\u00eda con m\u00e1s vitalidad.<\/p>\n<p>Encuentra el respaldo de un producto reconocido y adquiere tu Ultra Doceplex Bebible de manera f\u00e1cil y segura en <strong>VitaGlobe<\/strong>.\n<\/div>\n","protected":false},"excerpt":{"rendered":"<div style=\"color:black;font-family: Arial, sans-serif\">\nDescubre <strong>Ultra Doceplex Bebible<\/strong> en VitaGlobe. \ud83d\udca7 Disfruta de <strong>energ\u00eda y bienestar diario<\/strong> en un solo producto. La opci\u00f3n perfecta para quienes buscan cuidar su salud todos los d\u00edas. \ud83c\udf1f Vive el lema: \u00ab<strong>Tu salud sin fronteras.<\/strong>\u00bb  <\/p>\n<p style=\"color:red;font-weight:bold;font-style:italic;font-size:1.1em\">\u00a1Haz tuyo el bienestar y ord\u00e9nalo ahora!<\/p>\n<\/div>\n","protected":false},"featured_media":3122,"comment_status":"closed","ping_status":"closed","template":"","meta":{"_kad_post_transparent":"","_kad_post_title":"","_kad_post_layout":"","_kad_post_sidebar_id":"","_kad_post_content_style":"","_kad_post_vertical_padding":"","_kad_post_feature":"","_kad_post_feature_position":"","_kad_post_header":false,"_kad_post_footer":false},"product_brand":[],"product_cat":[92,246,94,166],"product_tag":[125,126,127,128,99,145,146,147,154,247,129,130,131,132],"class_list":{"0":"post-3106","1":"product","2":"type-product","3":"status-publish","4":"has-post-thumbnail","6":"product_cat-ampolletas-bebibles","7":"product_cat-doceplex","8":"product_cat-laboratorios-vijosa","9":"product_cat-todo-dolor-y-vitaminas","10":"product_tag-aumentar-rendimiento-fisico","11":"product_tag-como-disminuir-el-estres","12":"product_tag-como-estimular-la-oxigenacion-celular","13":"product_tag-como-reducir-la-fatiga","14":"product_tag-complejo-b","15":"product_tag-donde-comprar-vitaminas","16":"product_tag-el-salvador","17":"product_tag-energizantes","18":"product_tag-necesito-vitaminas","19":"product_tag-ultra-doceplex-bebible","20":"product_tag-ultradoceplex-bebible","21":"product_tag-ultradoceplex-bebible-amazon","22":"product_tag-ultradoceplex-bebible-ebay","23":"product_tag-ultradoceplex-bebible-original-de-el-salvador","25":"first","26":"instock","27":"shipping-taxable","28":"purchasable","29":"product-type-simple","30":"entry","31":"content-bg","32":"loop-entry"},"_links":{"self":[{"href":"https:\/\/vitaminaselsalvador.net\/index.php\/wp-json\/wp\/v2\/product\/3106","targetHints":{"allow":["GET"]}}],"collection":[{"href":"https:\/\/vitaminaselsalvador.net\/index.php\/wp-json\/wp\/v2\/product"}],"about":[{"href":"https:\/\/vitaminaselsalvador.net\/index.php\/wp-json\/wp\/v2\/types\/product"}],"replies":[{"embeddable":true,"href":"https:\/\/vitaminaselsalvador.net\/index.php\/wp-json\/wp\/v2\/comments?post=3106"}],"wp:featuredmedia":[{"embeddable":true,"href":"https:\/\/vitaminaselsalvador.net\/index.php\/wp-json\/wp\/v2\/media\/3122"}],"wp:attachment":[{"href":"https:\/\/vitaminaselsalvador.net\/index.php\/wp-json\/wp\/v2\/media?parent=3106"}],"wp:term":[{"taxonomy":"product_brand","embeddable":true,"href":"https:\/\/vitaminaselsalvador.net\/index.php\/wp-json\/wp\/v2\/product_brand?post=3106"},{"taxonomy":"product_cat","embeddable":true,"href":"https:\/\/vitaminaselsalvador.net\/index.php\/wp-json\/wp\/v2\/product_cat?post=3106"},{"taxonomy":"product_tag","embeddable":true,"href":"https:\/\/vitaminaselsalvador.net\/index.php\/wp-json\/wp\/v2\/product_tag?post=3106"}],"curies":[{"name":"wp","href":"https:\/\/api.w.org\/{rel}","templated":true}]}}