{"id":3105,"date":"2022-11-02T21:11:56","date_gmt":"2022-11-03T03:11:56","guid":{"rendered":"https:\/\/vitaminaselsalvador.net\/?post_type=product&#038;p=3105"},"modified":"2025-07-23T10:06:29","modified_gmt":"2025-07-23T16:06:29","slug":"foskrol-vitaminas-duo-pack-energia-diaria-para-tu-bienestar-global-impulsa-tu-vitalidad-todos-los-dias","status":"publish","type":"product","link":"https:\/\/vitaminaselsalvador.net\/index.php\/product\/foskrol-vitaminas-duo-pack-energia-diaria-para-tu-bienestar-global-impulsa-tu-vitalidad-todos-los-dias\/","title":{"rendered":"FOSKROL VITAMINAS Duo Pack energ\u00eda diaria para tu bienestar global impulsa tu vitalidad todos los d\u00edas"},"content":{"rendered":"<div style=\"color:black;font-family: Arial, sans-serif\">\n<strong>FOSKROL VITAMINAS Duo Pack<\/strong> es la elecci\u00f3n perfecta para quienes buscan <strong>energ\u00eda diaria<\/strong> y un apoyo integral para su bienestar global. Presentado por <strong>VitaGlobe \u2013 Tu salud, sin fronteras<\/strong>, este d\u00fao ha sido dise\u00f1ado para acompa\u00f1arte cada d\u00eda en tus actividades, ayud\u00e1ndote a sentirte pleno y activo. <\/p>\n<p>Con su exclusiva f\u00f3rmula de <strong>vitaminas esenciales<\/strong>, FOSKROL VITAMINAS te ofrece un impulso para mantenerte enfocado y rendir al m\u00e1ximo en tus tareas diarias. Aprovecha este <strong>Duo Pack<\/strong> y disfruta de la comodidad de tener siempre a mano tu suplemento favorito.<\/p>\n<p>Mot\u00edvate a dar lo mejor de ti, porque en <strong>VitaGlobe<\/strong> creemos que cada paso cuenta cuando se trata de tu salud. Nuestro lema es: <em>\u201cConectando salud con el mundo.\u201d<\/em> \ud83c\udf0d\u2728<\/p>\n<p>\u00a1Descubre la diferencia de estar bien todos los d\u00edas con FOSKROL VITAMINAS y si\u00e9ntete acompa\u00f1ado por expertos que te cuidan!\n<\/p><\/div>\n","protected":false},"excerpt":{"rendered":"<div style=\"color:black;font-family: Arial, sans-serif\">\nDescubre el <strong>FOSKROL VITAMINAS Duo Pack<\/strong>, tu aliado perfecto para una <strong>energ\u00eda diaria<\/strong> y un bienestar global. \ud83c\udf0d\ud83d\udcaa Disfruta de un impulso cada d\u00eda y mantente activo con VitaGlobe, donde <strong>conectamos salud con el mundo<\/strong>. \u00a1Tu vitalidad no tiene fronteras!<\/p>\n<p style=\"color:red;font-weight:bold;font-style:italic;font-size:1.1em\">Haz tuyo este Duo Pack y potencia tu energ\u00eda hoy mismo.<\/p>\n<\/div>\n","protected":false},"featured_media":3156,"comment_status":"closed","ping_status":"closed","template":"","meta":{"_kad_post_transparent":"","_kad_post_title":"","_kad_post_layout":"","_kad_post_sidebar_id":"","_kad_post_content_style":"","_kad_post_vertical_padding":"","_kad_post_feature":"","_kad_post_feature_position":"","_kad_post_header":false,"_kad_post_footer":false},"product_brand":[],"product_cat":[92,106,166],"product_tag":[139,140,145,146,147,199,154,245],"class_list":{"0":"post-3105","1":"product","2":"type-product","3":"status-publish","4":"has-post-thumbnail","6":"product_cat-ampolletas-bebibles","7":"product_cat-laboratorios-biokemical","8":"product_cat-todo-dolor-y-vitaminas","9":"product_tag-anuncios-el-salvador","10":"product_tag-avisos-el-salvador","11":"product_tag-donde-comprar-vitaminas","12":"product_tag-el-salvador","13":"product_tag-energizantes","14":"product_tag-foskrol-vitaminas-para-el-cerebro-y-nervios","15":"product_tag-necesito-vitaminas","16":"product_tag-nervidoce-bebible","18":"first","19":"instock","20":"shipping-taxable","21":"purchasable","22":"product-type-simple","23":"entry","24":"content-bg","25":"loop-entry"},"_links":{"self":[{"href":"https:\/\/vitaminaselsalvador.net\/index.php\/wp-json\/wp\/v2\/product\/3105","targetHints":{"allow":["GET"]}}],"collection":[{"href":"https:\/\/vitaminaselsalvador.net\/index.php\/wp-json\/wp\/v2\/product"}],"about":[{"href":"https:\/\/vitaminaselsalvador.net\/index.php\/wp-json\/wp\/v2\/types\/product"}],"replies":[{"embeddable":true,"href":"https:\/\/vitaminaselsalvador.net\/index.php\/wp-json\/wp\/v2\/comments?post=3105"}],"wp:featuredmedia":[{"embeddable":true,"href":"https:\/\/vitaminaselsalvador.net\/index.php\/wp-json\/wp\/v2\/media\/3156"}],"wp:attachment":[{"href":"https:\/\/vitaminaselsalvador.net\/index.php\/wp-json\/wp\/v2\/media?parent=3105"}],"wp:term":[{"taxonomy":"product_brand","embeddable":true,"href":"https:\/\/vitaminaselsalvador.net\/index.php\/wp-json\/wp\/v2\/product_brand?post=3105"},{"taxonomy":"product_cat","embeddable":true,"href":"https:\/\/vitaminaselsalvador.net\/index.php\/wp-json\/wp\/v2\/product_cat?post=3105"},{"taxonomy":"product_tag","embeddable":true,"href":"https:\/\/vitaminaselsalvador.net\/index.php\/wp-json\/wp\/v2\/product_tag?post=3105"}],"curies":[{"name":"wp","href":"https:\/\/api.w.org\/{rel}","templated":true}]}}