{"id":3104,"date":"2022-11-02T21:11:56","date_gmt":"2022-11-03T03:11:56","guid":{"rendered":"https:\/\/vitaminaselsalvador.net\/?post_type=product&#038;p=3104"},"modified":"2025-10-02T21:06:15","modified_gmt":"2025-10-03T03:06:15","slug":"artribion-vitaminado-original-80-capsulas-apoya-tu-bienestar-dia-a-dia-mejora-tu-movilidad-y-calidad-de-vida","status":"publish","type":"product","link":"https:\/\/vitaminaselsalvador.net\/index.php\/product\/artribion-vitaminado-original-80-capsulas-apoya-tu-bienestar-dia-a-dia-mejora-tu-movilidad-y-calidad-de-vida\/","title":{"rendered":"Artribi\u00f3n Vitaminado ORIGINAL 80 C\u00e1psulas apoya tu bienestar d\u00eda a d\u00eda mejora tu movilidad y calidad de vida"},"content":{"rendered":"<div style=\"color: black; font-family: Arial, sans-serif;\"><strong>Artribi\u00f3n Vitaminado ORIGINAL 80 C\u00e1psulas<\/strong> es tu aliado diario para apoyar el bienestar y mantenerte activo. En <strong>VitaGlobe &#8211; Tu salud, sin fronteras<\/strong>, te ofrecemos este producto original, reconocido por su calidad y preferido por quienes buscan sumar un respaldo a su rutina diaria.<strong>Presentaci\u00f3n:<\/strong> Contiene <strong>80 c\u00e1psulas<\/strong>, f\u00f3rmula original.<\/p>\n<p>\u2705 <strong>Ideal para acompa\u00f1ar tu d\u00eda a d\u00eda<\/strong>, Artribi\u00f3n Vitaminado ORIGINAL est\u00e1 dise\u00f1ado pensando en quienes valoran el cuidado personal constante.<br \/>\n\u2705 Producto original en su <strong>empaque \u00edntegro<\/strong> y con n\u00famero de lote.<br \/>\n\u2705 F\u00e1cil de consumir y pr\u00e1ctico para llevar.<\/p>\n<p>Descubre por qu\u00e9 es uno de los complementos preferidos para quienes buscan opciones de respaldo. En <strong>VitaGlobe<\/strong> nos enorgullece conectar salud con el mundo \ud83c\udf0e, llev\u00e1ndote productos confiables que suman valor a tu bienestar.<\/p>\n<p><strong>No olvides:<\/strong> Siempre revisa la informaci\u00f3n en la etiqueta antes de usar y consulta con un profesional de salud si tienes dudas.<\/p>\n<p><strong>\u00a1Haz tu compra hoy y conf\u00eda en la originalidad y respaldo de VitaGlobe! \ud83c\udf3f<\/strong><\/p>\n<\/div>\n","protected":false},"excerpt":{"rendered":"<div style=\"color: black; font-family: Arial, sans-serif;\">Descubre <strong>Artribi\u00f3n Vitaminado ORIGINAL 80 C\u00e1psulas<\/strong>, tu aliado para <strong>apoyar el bienestar d\u00eda a d\u00eda<\/strong>. Cuida tu salud en cada paso con la calidad que te ofrece VitaGlobe. \u00a1Siente la diferencia de elegir lo original! \ud83c\udf0e\ud83d\udc8a<\/p>\n<p style=\"color: red; font-weight: bold; font-style: italic; font-size: 1.1em;\">\u00a1Haz de tu bienestar una prioridad y ord\u00e9nalo hoy!<\/p>\n<\/div>\n","protected":false},"featured_media":3120,"comment_status":"closed","ping_status":"closed","template":"","meta":{"_kad_post_transparent":"","_kad_post_title":"","_kad_post_layout":"","_kad_post_sidebar_id":"","_kad_post_content_style":"","_kad_post_vertical_padding":"","_kad_post_feature":"","_kad_post_feature_position":"","_kad_post_header":false,"_kad_post_footer":false},"product_brand":[],"product_cat":[234,235,105,106,166],"product_tag":[109,236,237,238,112,239,116,240,241,242,243,244,193,146,210,201],"class_list":{"0":"post-3104","1":"product","2":"type-product","3":"status-publish","4":"has-post-thumbnail","6":"product_cat-artribion","7":"product_cat-artritis-artrosis-reuma","8":"product_cat-capsulas-de-gelatina-blanda","9":"product_cat-laboratorios-biokemical","10":"product_cat-todo-dolor-y-vitaminas","11":"product_tag-artribion","12":"product_tag-artribion-80-capsulas","13":"product_tag-artribion-capsulas-de-gelatina-blanda","14":"product_tag-artribion-dosis","15":"product_tag-artribion-el-salvador","16":"product_tag-artribion-for-sale","17":"product_tag-artribion-fuerte","18":"product_tag-artribion-vitaminado","19":"product_tag-artritis-gotosa","20":"product_tag-artritis-reumatoide","21":"product_tag-artritis-reumatoidea","22":"product_tag-artritis-septica","23":"product_tag-biokemical","24":"product_tag-el-salvador","25":"product_tag-pastillas-vitaminadas-para-el-dolor","26":"product_tag-vitaminas-en-el-salvador","28":"first","29":"instock","30":"featured","31":"shipping-taxable","32":"purchasable","33":"product-type-simple","34":"entry","35":"content-bg","36":"loop-entry"},"_links":{"self":[{"href":"https:\/\/vitaminaselsalvador.net\/index.php\/wp-json\/wp\/v2\/product\/3104","targetHints":{"allow":["GET"]}}],"collection":[{"href":"https:\/\/vitaminaselsalvador.net\/index.php\/wp-json\/wp\/v2\/product"}],"about":[{"href":"https:\/\/vitaminaselsalvador.net\/index.php\/wp-json\/wp\/v2\/types\/product"}],"replies":[{"embeddable":true,"href":"https:\/\/vitaminaselsalvador.net\/index.php\/wp-json\/wp\/v2\/comments?post=3104"}],"wp:featuredmedia":[{"embeddable":true,"href":"https:\/\/vitaminaselsalvador.net\/index.php\/wp-json\/wp\/v2\/media\/3120"}],"wp:attachment":[{"href":"https:\/\/vitaminaselsalvador.net\/index.php\/wp-json\/wp\/v2\/media?parent=3104"}],"wp:term":[{"taxonomy":"product_brand","embeddable":true,"href":"https:\/\/vitaminaselsalvador.net\/index.php\/wp-json\/wp\/v2\/product_brand?post=3104"},{"taxonomy":"product_cat","embeddable":true,"href":"https:\/\/vitaminaselsalvador.net\/index.php\/wp-json\/wp\/v2\/product_cat?post=3104"},{"taxonomy":"product_tag","embeddable":true,"href":"https:\/\/vitaminaselsalvador.net\/index.php\/wp-json\/wp\/v2\/product_tag?post=3104"}],"curies":[{"name":"wp","href":"https:\/\/api.w.org\/{rel}","templated":true}]}}