{"id":3103,"date":"2022-11-02T21:11:56","date_gmt":"2022-11-03T03:11:56","guid":{"rendered":"https:\/\/vitaminaselsalvador.net\/?post_type=product&#038;p=3103"},"modified":"2025-07-21T10:11:07","modified_gmt":"2025-07-21T16:11:07","slug":"alka-ad-60-tabletas-anti-diarreico-alivio-rapido-para-el-control-eficaz-de-la-diarrea","status":"publish","type":"product","link":"https:\/\/vitaminaselsalvador.net\/index.php\/product\/alka-ad-60-tabletas-anti-diarreico-alivio-rapido-para-el-control-eficaz-de-la-diarrea\/","title":{"rendered":"ALKA AD 60 TABLETAS (Anti-Diarreico) Alivio r\u00e1pido para el control eficaz de la diarrea"},"content":{"rendered":"<div style=\"color:black;font-family: Arial, sans-serif\">\n<strong>ALKA AD 60 Tabletas (Anti-Diarreico)<\/strong> es la soluci\u00f3n ideal para quienes buscan <strong>alivio r\u00e1pido y seguro del malestar intestinal<\/strong>. Este producto ha sido formulado espec\u00edficamente para actuar eficazmente contra la diarrea, ayudando a tu organismo a recuperar su bienestar y permiti\u00e9ndote retomar tus actividades diarias sin preocupaciones.<\/p>\n<p>En <strong>VitaGlobe &#8211; Tu salud, sin fronteras<\/strong>, sabemos lo importante que es cuidar de tu salud donde quiera que est\u00e9s. Por eso, te ofrecemos <strong>ALKA AD 60 Tabletas<\/strong>, un aliado confiable para combatir las molestias intestinales siempre que lo necesites.<\/p>\n<p>Su presentaci\u00f3n en 60 tabletas garantiza que tendr\u00e1s a la mano el <strong>apoyo necesario<\/strong> para cuidar tu bienestar intestinal cada vez que lo requieras. Disfruta de la tranquilidad que te brinda un anti-diarreico efectivo, <strong>f\u00e1cil de llevar<\/strong> y con la calidad que caracteriza a nuestros productos. <\/p>\n<p><strong>Conf\u00eda en VitaGlobe y conecta tu salud con el mundo \ud83c\udf0e. \u00a1Tu bienestar, nuestra prioridad!<\/strong>\n<\/div>\n","protected":false},"excerpt":{"rendered":"<div style=\"color:black;font-family: Arial, sans-serif\">\nRecupera tu ritmo con <strong>ALKA AD 60 TABLETAS<\/strong> \ud83d\udee1\ufe0f, el <strong>anti-diarreico<\/strong> para un <strong>alivio r\u00e1pido y seguro<\/strong> de tu bienestar intestinal. Si\u00e9ntete mejor y contin\u00faa con tu d\u00eda gracias a este respaldo eficaz para tu salud digestiva \ud83d\udc9a. <\/p>\n<p style=\"color:red;font-weight:bold;font-style:italic;font-size:1.1em\">\u00a1Cuida tu bienestar intestinal hoy mismo con VitaGlobe!<\/p>\n<\/div>\n","protected":false},"featured_media":3138,"comment_status":"closed","ping_status":"closed","template":"","meta":{"_kad_post_transparent":"","_kad_post_title":"","_kad_post_layout":"","_kad_post_sidebar_id":"","_kad_post_content_style":"","_kad_post_vertical_padding":"","_kad_post_feature":"","_kad_post_feature_position":"","_kad_post_header":false,"_kad_post_footer":false},"product_brand":[],"product_cat":[227,228,215],"product_tag":[229,230,231,232,233],"class_list":{"0":"post-3103","1":"product","2":"type-product","3":"status-publish","4":"has-post-thumbnail","6":"product_cat-laboratorios-bayer","7":"product_cat-para-el-estomago","8":"product_cat-tabletas","9":"product_tag-alka-ad","10":"product_tag-alka-seltzer-antidiarreica","11":"product_tag-bayer","12":"product_tag-diarrea","13":"product_tag-dolor-de-estomago","15":"first","16":"instock","17":"purchasable","18":"product-type-simple","19":"entry","20":"content-bg","21":"loop-entry"},"_links":{"self":[{"href":"https:\/\/vitaminaselsalvador.net\/index.php\/wp-json\/wp\/v2\/product\/3103","targetHints":{"allow":["GET"]}}],"collection":[{"href":"https:\/\/vitaminaselsalvador.net\/index.php\/wp-json\/wp\/v2\/product"}],"about":[{"href":"https:\/\/vitaminaselsalvador.net\/index.php\/wp-json\/wp\/v2\/types\/product"}],"replies":[{"embeddable":true,"href":"https:\/\/vitaminaselsalvador.net\/index.php\/wp-json\/wp\/v2\/comments?post=3103"}],"wp:featuredmedia":[{"embeddable":true,"href":"https:\/\/vitaminaselsalvador.net\/index.php\/wp-json\/wp\/v2\/media\/3138"}],"wp:attachment":[{"href":"https:\/\/vitaminaselsalvador.net\/index.php\/wp-json\/wp\/v2\/media?parent=3103"}],"wp:term":[{"taxonomy":"product_brand","embeddable":true,"href":"https:\/\/vitaminaselsalvador.net\/index.php\/wp-json\/wp\/v2\/product_brand?post=3103"},{"taxonomy":"product_cat","embeddable":true,"href":"https:\/\/vitaminaselsalvador.net\/index.php\/wp-json\/wp\/v2\/product_cat?post=3103"},{"taxonomy":"product_tag","embeddable":true,"href":"https:\/\/vitaminaselsalvador.net\/index.php\/wp-json\/wp\/v2\/product_tag?post=3103"}],"curies":[{"name":"wp","href":"https:\/\/api.w.org\/{rel}","templated":true}]}}