{"id":3102,"date":"2022-11-02T21:11:56","date_gmt":"2022-11-03T03:11:56","guid":{"rendered":"https:\/\/vitaminaselsalvador.net\/?post_type=product&#038;p=3102"},"modified":"2025-07-20T10:06:18","modified_gmt":"2025-07-20T16:06:18","slug":"acetaminofen-mk-duo-pack-alivia-eficazmente-el-dolor-y-la-fiebre-ideal-para-un-alivio-rapido-y-confiable","status":"publish","type":"product","link":"https:\/\/vitaminaselsalvador.net\/index.php\/product\/acetaminofen-mk-duo-pack-alivia-eficazmente-el-dolor-y-la-fiebre-ideal-para-un-alivio-rapido-y-confiable\/","title":{"rendered":"Acetaminofen MK DUO PACK alivia eficazmente el dolor y la fiebre ideal para un alivio r\u00e1pido y confiable"},"content":{"rendered":"<div style=\"color:black;font-family: Arial, sans-serif\">\n\u00bfBuscas alivio confiable contra el <strong>dolor<\/strong> y la <strong>fiebre<\/strong>? En <strong>VitaGlobe &#8211; Tu salud, sin fronteras<\/strong> te presentamos <strong>Acetaminofen MK DUO PACK<\/strong>, tu aliado esencial para momentos en los que necesitas recuperar tu bienestar. Nuestra misi\u00f3n es clara: <em>\u201cConectando salud con el mundo.\u201d<\/em> \ud83c\udf0e<\/p>\n<p>El <strong>Acetaminofen MK DUO PACK<\/strong> est\u00e1 dise\u00f1ado para proporcionarte el efecto que deseas cuando m\u00e1s lo necesitas: <strong>alivio eficaz del dolor y la fiebre<\/strong>. Ya sea para tu botiqu\u00edn familiar o para llevarlo contigo en el d\u00eda a d\u00eda, conf\u00eda en la <strong>calidad y respaldo de MK<\/strong> para cuidar de ti y los tuyos.<\/p>\n<p>En <strong>VitaGlobe<\/strong>, queremos que te sientas seguro y respaldado en cada compra. Elige <strong>Acetaminofen MK DUO PACK<\/strong> y experimenta el bienestar que conecta fronteras. \ud83d\udc99<\/p>\n<p>\u00a1Cuida tu salud con confianza y sencillez!\n<\/p><\/div>\n","protected":false},"excerpt":{"rendered":"<div style=\"color:black;font-family: Arial, sans-serif\">\nObt\u00e9n <strong>alivio eficaz<\/strong> para el dolor y la fiebre con Acetaminofen MK DUO PACK. \ud83d\ude0a Su f\u00f3rmula confiable te ayuda a sentirte mejor r\u00e1pidamente. Ideal para quienes buscan <strong>bienestar r\u00e1pido y seguro<\/strong>. \u00a1Conf\u00eda en VitaGlobe para cuidar tu salud, sin fronteras! \ud83c\udf0e<\/p>\n<p style=\"color:red;font-weight:bold;font-style:italic;font-size:1.1em\">\u00a1Haz tu pedido hoy y siente el alivio!<\/p>\n<\/div>\n","protected":false},"featured_media":3137,"comment_status":"closed","ping_status":"closed","template":"","meta":{"_kad_post_transparent":"","_kad_post_title":"","_kad_post_layout":"","_kad_post_sidebar_id":"","_kad_post_content_style":"","_kad_post_vertical_padding":"","_kad_post_feature":"","_kad_post_feature_position":"","_kad_post_header":false,"_kad_post_footer":false},"product_brand":[],"product_cat":[211,212,213,214,215],"product_tag":[216,217,218,219,220,221,222,223,224,225,226],"class_list":{"0":"post-3102","1":"product","2":"type-product","3":"status-publish","4":"has-post-thumbnail","6":"product_cat-dolor","7":"product_cat-medicina","8":"product_cat-mk","9":"product_cat-para-el-dolor-y-fiebre","10":"product_cat-tabletas","11":"product_tag-acetaminofen","12":"product_tag-acetaminofen-mk","13":"product_tag-acetaminofen-mk-original-amazon","14":"product_tag-cefalea","15":"product_tag-dolores-musculares-y-articulares","16":"product_tag-fiebre","17":"product_tag-neuralgias","18":"product_tag-odontalgias-y-postcirugia","19":"product_tag-otalgias","20":"product_tag-postamigdalectomia","21":"product_tag-sintomas-del-resfriado-comun-o-afecciones-similares-fiebre-postvacunal","23":"first","24":"instock","25":"shipping-taxable","26":"purchasable","27":"product-type-simple","28":"entry","29":"content-bg","30":"loop-entry"},"_links":{"self":[{"href":"https:\/\/vitaminaselsalvador.net\/index.php\/wp-json\/wp\/v2\/product\/3102","targetHints":{"allow":["GET"]}}],"collection":[{"href":"https:\/\/vitaminaselsalvador.net\/index.php\/wp-json\/wp\/v2\/product"}],"about":[{"href":"https:\/\/vitaminaselsalvador.net\/index.php\/wp-json\/wp\/v2\/types\/product"}],"replies":[{"embeddable":true,"href":"https:\/\/vitaminaselsalvador.net\/index.php\/wp-json\/wp\/v2\/comments?post=3102"}],"wp:featuredmedia":[{"embeddable":true,"href":"https:\/\/vitaminaselsalvador.net\/index.php\/wp-json\/wp\/v2\/media\/3137"}],"wp:attachment":[{"href":"https:\/\/vitaminaselsalvador.net\/index.php\/wp-json\/wp\/v2\/media?parent=3102"}],"wp:term":[{"taxonomy":"product_brand","embeddable":true,"href":"https:\/\/vitaminaselsalvador.net\/index.php\/wp-json\/wp\/v2\/product_brand?post=3102"},{"taxonomy":"product_cat","embeddable":true,"href":"https:\/\/vitaminaselsalvador.net\/index.php\/wp-json\/wp\/v2\/product_cat?post=3102"},{"taxonomy":"product_tag","embeddable":true,"href":"https:\/\/vitaminaselsalvador.net\/index.php\/wp-json\/wp\/v2\/product_tag?post=3102"}],"curies":[{"name":"wp","href":"https:\/\/api.w.org\/{rel}","templated":true}]}}