{"id":3101,"date":"2022-11-02T21:11:55","date_gmt":"2022-11-03T03:11:55","guid":{"rendered":"https:\/\/vitaminaselsalvador.net\/?post_type=product&#038;p=3101"},"modified":"2025-07-19T10:06:19","modified_gmt":"2025-07-19T16:06:19","slug":"foskrol-escolar-duo-pack-energia-y-concentracion-para-tu-dia-a-dia-aumenta-tu-rendimiento-cada-jornada","status":"publish","type":"product","link":"https:\/\/vitaminaselsalvador.net\/index.php\/product\/foskrol-escolar-duo-pack-energia-y-concentracion-para-tu-dia-a-dia-aumenta-tu-rendimiento-cada-jornada\/","title":{"rendered":"FOSKROL ESCOLAR Duo Pack Energ\u00eda y concentraci\u00f3n para tu d\u00eda a d\u00eda aumenta tu rendimiento cada jornada"},"content":{"rendered":"<div style=\"color:black;font-family: Arial, sans-serif\">\n<strong>FOSKROL ESCOLAR Duo Pack<\/strong> es la elecci\u00f3n perfecta para quienes buscan <strong>energ\u00eda y concentraci\u00f3n<\/strong> en su rutina diaria. Especialmente pensado para estudiantes, este suplemento te ayuda a enfrentar las exigencias del d\u00eda a d\u00eda acad\u00e9mico. <\/p>\n<p>En <strong>VitaGlobe &#8211; Tu salud, sin fronteras<\/strong> \ud83d\uded2, nos comprometemos contigo: \u201c<strong>Conectando salud con el mundo<\/strong>\u201d. Por eso te traemos <strong>FOSKROL ESCOLAR Duo Pack<\/strong>, dise\u00f1ado para dar soporte mental y f\u00edsico de manera pr\u00e1ctica y confiable.<\/p>\n<p>Incluye dos frascos f\u00e1ciles de llevar, ideal para que nunca falte tu dosis de energ\u00eda durante ex\u00e1menes, tareas o actividades cotidianas. <strong>Mant\u00e9n tu mente enfocada<\/strong> y rinde al m\u00e1ximo en cada momento.<\/p>\n<p><strong>Haz que tus d\u00edas sean m\u00e1s productivos con FOSKROL ESCOLAR!<\/strong> \u2728 Con VitaGlobe aseguras bienestar y productos seleccionados para cuidar tu salud y la de tu familia.\n<\/div>\n","protected":false},"excerpt":{"rendered":"<div style=\"color:black;font-family: Arial, sans-serif\">\nDale a tu rutina un plus con <strong>FOSKROL ESCOLAR Duo Pack<\/strong> \ud83d\ude80. Perfecto para quienes buscan <strong>energ\u00eda y concentraci\u00f3n<\/strong> en su d\u00eda a d\u00eda. Una opci\u00f3n pr\u00e1ctica para sentirte al m\u00e1ximo cada jornada. Descubre c\u00f3mo potenciar tu bienestar con VitaGlobe &#8211; Tu salud, sin fronteras.<\/p>\n<p style=\"color:red;font-weight:bold;font-style:italic;font-size:1.1em\">\u00a1Potencia tu d\u00eda hoy mismo con FOSKROL ESCOLAR Duo Pack!<\/p>\n<\/div>\n","protected":false},"featured_media":3135,"comment_status":"closed","ping_status":"closed","template":"","meta":{"_kad_post_transparent":"","_kad_post_title":"","_kad_post_layout":"","_kad_post_sidebar_id":"","_kad_post_content_style":"","_kad_post_vertical_padding":"","_kad_post_feature":"","_kad_post_feature_position":"","_kad_post_header":false,"_kad_post_footer":false},"product_brand":[],"product_cat":[92,206,106,96],"product_tag":[193,146,147,207,208,199,209,210,192,201],"class_list":{"0":"post-3101","1":"product","2":"type-product","3":"status-publish","4":"has-post-thumbnail","6":"product_cat-ampolletas-bebibles","7":"product_cat-estimulante-del-apetito","8":"product_cat-laboratorios-biokemical","9":"product_cat-vitaminas-bebibles","10":"product_tag-biokemical","11":"product_tag-el-salvador","12":"product_tag-energizantes","13":"product_tag-foskrol-con-ginkgo-biloba","14":"product_tag-foskrol-escolar","15":"product_tag-foskrol-vitaminas-para-el-cerebro-y-nervios","16":"product_tag-ginkgo-biloba","17":"product_tag-pastillas-vitaminadas-para-el-dolor","18":"product_tag-trigliceridos","19":"product_tag-vitaminas-en-el-salvador","21":"first","22":"instock","23":"purchasable","24":"product-type-simple","25":"entry","26":"content-bg","27":"loop-entry"},"_links":{"self":[{"href":"https:\/\/vitaminaselsalvador.net\/index.php\/wp-json\/wp\/v2\/product\/3101","targetHints":{"allow":["GET"]}}],"collection":[{"href":"https:\/\/vitaminaselsalvador.net\/index.php\/wp-json\/wp\/v2\/product"}],"about":[{"href":"https:\/\/vitaminaselsalvador.net\/index.php\/wp-json\/wp\/v2\/types\/product"}],"replies":[{"embeddable":true,"href":"https:\/\/vitaminaselsalvador.net\/index.php\/wp-json\/wp\/v2\/comments?post=3101"}],"wp:featuredmedia":[{"embeddable":true,"href":"https:\/\/vitaminaselsalvador.net\/index.php\/wp-json\/wp\/v2\/media\/3135"}],"wp:attachment":[{"href":"https:\/\/vitaminaselsalvador.net\/index.php\/wp-json\/wp\/v2\/media?parent=3101"}],"wp:term":[{"taxonomy":"product_brand","embeddable":true,"href":"https:\/\/vitaminaselsalvador.net\/index.php\/wp-json\/wp\/v2\/product_brand?post=3101"},{"taxonomy":"product_cat","embeddable":true,"href":"https:\/\/vitaminaselsalvador.net\/index.php\/wp-json\/wp\/v2\/product_cat?post=3101"},{"taxonomy":"product_tag","embeddable":true,"href":"https:\/\/vitaminaselsalvador.net\/index.php\/wp-json\/wp\/v2\/product_tag?post=3101"}],"curies":[{"name":"wp","href":"https:\/\/api.w.org\/{rel}","templated":true}]}}