{"id":3098,"date":"2022-11-02T21:11:55","date_gmt":"2022-11-03T03:11:55","guid":{"rendered":"https:\/\/vitaminaselsalvador.net\/?post_type=product&#038;p=3098"},"modified":"2025-07-16T10:06:21","modified_gmt":"2025-07-16T16:06:21","slug":"foskrol-neuro-total-duo-pack-mejora-tu-bienestar-mental-y-energia-cada-dia-claridad-y-vitalidad-para-tu-mejor-version","status":"publish","type":"product","link":"https:\/\/vitaminaselsalvador.net\/index.php\/product\/foskrol-neuro-total-duo-pack-mejora-tu-bienestar-mental-y-energia-cada-dia-claridad-y-vitalidad-para-tu-mejor-version\/","title":{"rendered":"FOSKROL NEURO TOTAL Duo Pack mejora tu bienestar mental y energ\u00eda cada d\u00eda claridad y vitalidad para tu mejor versi\u00f3n"},"content":{"rendered":"<div style=\"color:black;font-family: Arial, sans-serif\">\n<strong>FOSKROL NEURO TOTAL Duo Pack<\/strong> te ofrece una opci\u00f3n confiable para <strong>mejorar tu bienestar mental y aumentar tu energ\u00eda diariamente<\/strong>. Este d\u00fao est\u00e1 especialmente formulado para <strong>potenciar tu claridad mental y proporcionar vitalidad<\/strong> en tu d\u00eda a d\u00eda.<\/p>\n<p>En <strong>VitaGlobe &#8211; Tu salud, sin fronteras<\/strong> \ud83c\udf0e, nos enorgullece ofrecerte productos aut\u00e9nticos que apoyan tu estilo de vida saludable. Nuestro lema es: \u00ab<strong>Conectando salud con el mundo<\/strong>\u00ab. Aprovecha la oportunidad de incorporar <strong>FOSKROL NEURO TOTAL<\/strong> a tu rutina y siente un impulso en tu claridad y vitalidad que te acompa\u00f1ar\u00e1 siempre.<\/p>\n<p>\u00bfListo para revitalizar tu mente y energ\u00eda?\ud83d\udca1\ud83c\udf1f Da el siguiente paso hacia tu bienestar con VitaGlobe.\n<\/p><\/div>\n","protected":false},"excerpt":{"rendered":"<div style=\"color:black;font-family: Arial, sans-serif\">\nFOSKROL NEURO TOTAL Duo Pack es la opci\u00f3n ideal para <strong>mejorar tu bienestar mental<\/strong> y disfrutar de m\u00e1s energ\u00eda cada d\u00eda. Potencia tu <strong>claridad<\/strong> y vitalidad de forma sencilla y pr\u00e1ctica. Vive cada momento con una mejor actitud y enfoque. \u2728\ud83e\udde0<\/p>\n<p style=\"color:red;font-weight:bold;font-style:italic;font-size:1.1em\">\u00a1Con\u00e9ctate con tu bienestar y pide tu Duo Pack hoy mismo!<\/p>\n<\/div>\n","protected":false},"featured_media":3133,"comment_status":"closed","ping_status":"closed","template":"","meta":{"_kad_post_transparent":"","_kad_post_title":"","_kad_post_layout":"","_kad_post_sidebar_id":"","_kad_post_content_style":"","_kad_post_vertical_padding":"","_kad_post_feature":"","_kad_post_feature_position":"","_kad_post_header":false,"_kad_post_footer":false},"product_brand":[],"product_cat":[92,106,96,98],"product_tag":[193,99,146,147,194,195,196,197,198,199,179,200,201],"class_list":{"0":"post-3098","1":"product","2":"type-product","3":"status-publish","4":"has-post-thumbnail","6":"product_cat-ampolletas-bebibles","7":"product_cat-laboratorios-biokemical","8":"product_cat-vitaminas-bebibles","9":"product_cat-vitaminas-y-suplementos","10":"product_tag-biokemical","11":"product_tag-complejo-b","12":"product_tag-el-salvador","13":"product_tag-energizantes","14":"product_tag-estimulante-del-apetito","15":"product_tag-foskrol-capsulas","16":"product_tag-foskrol-con-ginseng","17":"product_tag-foskrol-forte-con-ginseng","18":"product_tag-foskrol-fuerte","19":"product_tag-foskrol-vitaminas-para-el-cerebro-y-nervios","20":"product_tag-vitamina-b12","21":"product_tag-vitaminas","22":"product_tag-vitaminas-en-el-salvador","24":"first","25":"instock","26":"purchasable","27":"product-type-simple","28":"entry","29":"content-bg","30":"loop-entry"},"_links":{"self":[{"href":"https:\/\/vitaminaselsalvador.net\/index.php\/wp-json\/wp\/v2\/product\/3098","targetHints":{"allow":["GET"]}}],"collection":[{"href":"https:\/\/vitaminaselsalvador.net\/index.php\/wp-json\/wp\/v2\/product"}],"about":[{"href":"https:\/\/vitaminaselsalvador.net\/index.php\/wp-json\/wp\/v2\/types\/product"}],"replies":[{"embeddable":true,"href":"https:\/\/vitaminaselsalvador.net\/index.php\/wp-json\/wp\/v2\/comments?post=3098"}],"wp:featuredmedia":[{"embeddable":true,"href":"https:\/\/vitaminaselsalvador.net\/index.php\/wp-json\/wp\/v2\/media\/3133"}],"wp:attachment":[{"href":"https:\/\/vitaminaselsalvador.net\/index.php\/wp-json\/wp\/v2\/media?parent=3098"}],"wp:term":[{"taxonomy":"product_brand","embeddable":true,"href":"https:\/\/vitaminaselsalvador.net\/index.php\/wp-json\/wp\/v2\/product_brand?post=3098"},{"taxonomy":"product_cat","embeddable":true,"href":"https:\/\/vitaminaselsalvador.net\/index.php\/wp-json\/wp\/v2\/product_cat?post=3098"},{"taxonomy":"product_tag","embeddable":true,"href":"https:\/\/vitaminaselsalvador.net\/index.php\/wp-json\/wp\/v2\/product_tag?post=3098"}],"curies":[{"name":"wp","href":"https:\/\/api.w.org\/{rel}","templated":true}]}}