{"id":3097,"date":"2022-11-02T21:11:55","date_gmt":"2022-11-03T03:11:55","guid":{"rendered":"https:\/\/vitaminaselsalvador.net\/?post_type=product&#038;p=3097"},"modified":"2025-10-02T21:44:10","modified_gmt":"2025-10-03T03:44:10","slug":"artrifin-vitaminado-80-tabletas","status":"publish","type":"product","link":"https:\/\/vitaminaselsalvador.net\/index.php\/product\/artrifin-vitaminado-80-tabletas\/","title":{"rendered":"ARTRIFIN VITAMINADO 80 Tabletas"},"content":{"rendered":"<p><iframe loading=\"lazy\" src=\"https:\/\/www.youtube.com\/embed\/M1rWrNiLnsE?controls=0\" width=\"560\" height=\"315\" frameborder=\"0\" allowfullscreen=\"allowfullscreen\"><\/iframe><br \/>\n<img loading=\"lazy\" decoding=\"async\" class=\"aligncenter size-full wp-image-152\" src=\"https:\/\/vitaminasdelsalvador.com\/wp-content\/uploads\/2013\/07\/Artrifin-1.png\" alt=\"Artrifin\" width=\"350\" height=\"350\" \/><\/p>\n<p style=\"text-align: center;\">20 Sobres de 4 Tabletas<\/p>\n<h5 style=\"text-align: center;\"><em><span style=\"color: #000000;\"><strong>INDICACIONES:<\/strong><\/span><\/em><\/h5>\n<h5 style=\"text-align: center;\"><em><span style=\"color: #000000;\"><strong><span style=\"color: #ff0000;\">ARTRIFIN VITAMINADO<\/span>, est\u00e1 indicado en el tratamiento de las formas inflamatorias y degenerativas del reumatismo: <\/strong><\/span><\/em><\/h5>\n<h5 style=\"text-align: center;\"><em><span style=\"color: #000000;\"><strong>POLI ARTRITIS CRONICA, <\/strong><\/span><\/em><\/h5>\n<h5 style=\"text-align: center;\"><em><span style=\"color: #000000;\"><strong>ESPONDILITIS ANQUILOSANTE, <\/strong><\/span><\/em><\/h5>\n<h5 style=\"text-align: center;\"><em><span style=\"color: #000000;\"><strong>ARTROSIS, <\/strong><\/span><\/em><\/h5>\n<h5 style=\"text-align: center;\"><em><span style=\"color: #000000;\"><strong>PATOLOGIA DISCO-VERTEBRAL (NEURITIS Y NEURALGIAS,\u00a0<\/strong><\/span><span style=\"color: #000000;\"><strong>LUMBAGO,\u00a0<\/strong><\/span><span style=\"color: #000000;\"><strong>CIATICA)<\/strong><\/span><\/em><\/h5>\n<h5 style=\"text-align: center;\"><em><span style=\"color: #ff0000;\"><strong>ADVERTENCIA:<\/strong><\/span><\/em><\/h5>\n<h5 style=\"text-align: center;\"><em><span style=\"color: #ff0000;\"><strong>Debe administrarse con precauci\u00f3n a pacientes con \u00falcera p\u00e9ptica, colitis ulcerativa. <\/strong><\/span><\/em><\/h5>\n<h5 style=\"text-align: center;\"><em><span style=\"color: #ff0000;\"><strong>Administrarse con las comidas<\/strong><\/span><\/em><\/h5>\n","protected":false},"excerpt":{"rendered":"<p>&nbsp;<\/p>\n<p><iframe loading=\"lazy\" src=\"https:\/\/www.youtube.com\/embed\/R7tzgGXOaIU?controls=0\" width=\"560\" height=\"315\" frameborder=\"0\" allowfullscreen=\"allowfullscreen\"><\/iframe><\/p>\n<p>&nbsp;<\/p>\n<h5 style=\"text-align: center;\"><em><span style=\"color: #0000ff;\"><strong>LUMBAGO &#8211; TORTICOLIS &#8211; REUMATISMO &#8211; ARTRITIS<\/strong><\/span><\/em><\/h5>\n<h5 style=\"text-align: center;\"><em><span style=\"color: #ff0000;\"><strong>FIN A LA ARTRITIS<\/strong><\/span><\/em><\/h5>\n<h5 style=\"text-align: center;\"><em><span style=\"color: #ff0000;\"><strong>CON<\/strong><\/span><\/em><\/h5>\n<h5 style=\"text-align: center;\"><em><span style=\"color: #ff0000;\"><strong>ARTRIFIN VITAMINADO<\/strong><\/span><\/em><\/h5>\n<h5 style=\"text-align: center;\"><em><span style=\"color: #000000;\"><strong>Es un agente anti-inflamatorio, antirreum\u00e1tico, analg\u00e9sico y antipir\u00e9tico no\u00a0<\/strong><\/span><span style=\"color: #000000;\"><strong>estereoidal.<\/strong><\/span><\/em><\/h5>\n<h5 style=\"text-align: center;\"><em><span style=\"color: #000000;\"><strong>Es muy efectivo administrado por via oral, mejorando el movimiento de la coyuntura. Generalmente es bien tolerado, se presenta <span style=\"color: #ff0000;\">ocasionalmente<\/span> intolerancia gastro intestinal.<\/strong><\/span><\/em><\/h5>\n<p style=\"text-align: center;\"><span style=\"color: #0000ff;\"><strong>\u00a0<\/strong><\/span><\/p>\n","protected":false},"featured_media":3130,"comment_status":"closed","ping_status":"closed","template":"","meta":{"_kad_post_transparent":"","_kad_post_title":"","_kad_post_layout":"","_kad_post_sidebar_id":"","_kad_post_content_style":"","_kad_post_vertical_padding":"","_kad_post_feature":"","_kad_post_feature_position":"","_kad_post_header":false,"_kad_post_footer":false},"product_brand":[],"product_cat":[104,180,107,108,181,97],"product_tag":[182,183,184,185,186,187,188,189],"class_list":{"0":"post-3097","1":"product","2":"type-product","3":"status-publish","4":"has-post-thumbnail","6":"product_cat-artritis","7":"product_cat-laboratorios-lopez","8":"product_cat-medicamento-para-el-dolor","9":"product_cat-salud-y-belleza","10":"product_cat-tabletas-recubiertas","11":"product_cat-vitaminas-neurotropas","12":"product_tag-artrifin","13":"product_tag-artrifin-amazon","14":"product_tag-artrifin-ebay","15":"product_tag-artrifin-vitaminado","16":"product_tag-artrifin-vitaminado-amazon","17":"product_tag-artrifin-vitaminado-ebay","18":"product_tag-artrifin-vitaminado-original-de-el-salvador","19":"product_tag-lab-lopez","21":"first","22":"instock","23":"purchasable","24":"product-type-simple","25":"entry","26":"content-bg","27":"loop-entry"},"_links":{"self":[{"href":"https:\/\/vitaminaselsalvador.net\/index.php\/wp-json\/wp\/v2\/product\/3097","targetHints":{"allow":["GET"]}}],"collection":[{"href":"https:\/\/vitaminaselsalvador.net\/index.php\/wp-json\/wp\/v2\/product"}],"about":[{"href":"https:\/\/vitaminaselsalvador.net\/index.php\/wp-json\/wp\/v2\/types\/product"}],"replies":[{"embeddable":true,"href":"https:\/\/vitaminaselsalvador.net\/index.php\/wp-json\/wp\/v2\/comments?post=3097"}],"wp:featuredmedia":[{"embeddable":true,"href":"https:\/\/vitaminaselsalvador.net\/index.php\/wp-json\/wp\/v2\/media\/3130"}],"wp:attachment":[{"href":"https:\/\/vitaminaselsalvador.net\/index.php\/wp-json\/wp\/v2\/media?parent=3097"}],"wp:term":[{"taxonomy":"product_brand","embeddable":true,"href":"https:\/\/vitaminaselsalvador.net\/index.php\/wp-json\/wp\/v2\/product_brand?post=3097"},{"taxonomy":"product_cat","embeddable":true,"href":"https:\/\/vitaminaselsalvador.net\/index.php\/wp-json\/wp\/v2\/product_cat?post=3097"},{"taxonomy":"product_tag","embeddable":true,"href":"https:\/\/vitaminaselsalvador.net\/index.php\/wp-json\/wp\/v2\/product_tag?post=3097"}],"curies":[{"name":"wp","href":"https:\/\/api.w.org\/{rel}","templated":true}]}}