{"id":3095,"date":"2022-11-02T21:11:55","date_gmt":"2022-11-03T03:11:55","guid":{"rendered":"https:\/\/vitaminaselsalvador.net\/?post_type=product&#038;p=3095"},"modified":"2025-07-15T10:06:25","modified_gmt":"2025-07-15T16:06:25","slug":"fortiplex-gold-bebible-energia-diaria-para-tu-bienestar-disfruta-vitalidad-y-nutricion-cada-dia","status":"publish","type":"product","link":"https:\/\/vitaminaselsalvador.net\/index.php\/product\/fortiplex-gold-bebible-energia-diaria-para-tu-bienestar-disfruta-vitalidad-y-nutricion-cada-dia\/","title":{"rendered":"FORTIPLEX GOLD BEBIBLE energ\u00eda diaria para tu bienestar disfruta vitalidad y nutrici\u00f3n cada d\u00eda"},"content":{"rendered":"<div style=\"color:black;font-family: Arial, sans-serif\">\n<p>\u00a1Bienvenido a <strong>VitaGlobe<\/strong> &#8211; Tu salud, sin fronteras! \ud83c\udf0e En nuestro compromiso de <strong>conectar tu bienestar con el mundo<\/strong>, te presentamos <strong>FORTIPLEX GOLD BEBIBLE<\/strong>, una f\u00f3rmula dise\u00f1ada para quienes buscan <strong>energ\u00eda diaria<\/strong> y apoyo integral en sus actividades.<\/p>\n<p>Esta presentaci\u00f3n <strong>bebible<\/strong> facilita su consumo, ideal para quienes llevan un ritmo de vida activo y desean un impulso confiable cada d\u00eda. Con ingredientes seleccionados especialmente para favorecer tu vitalidad, <strong>FORTIPLEX GOLD<\/strong> se convierte en un aliado pr\u00e1ctico para el mantenimiento de tu bienestar diario.<\/p>\n<p>Descubre los beneficios de una opci\u00f3n que considera la importancia de la <strong>energ\u00eda diaria<\/strong> y el cuidado de tu salud, bajo el respaldo de <strong>VitaGlobe<\/strong>. \ud83d\udc99 Elige calidad, comodidad y el apoyo de una red global de salud.<\/p>\n<p><strong>FORTIPLEX GOLD BEBIBLE<\/strong>: tu elecci\u00f3n inteligente para sumar energ\u00eda y bienestar a tu rutina. <\/p>\n<\/div>\n","protected":false},"excerpt":{"rendered":"<div style=\"color:black;font-family: Arial, sans-serif\">\n<strong>FORTIPLEX GOLD BEBIBLE<\/strong> te ofrece la <strong>energ\u00eda diaria<\/strong> que acompa\u00f1a tu bienestar. \ud83d\udcaa Descubre c\u00f3mo sentirte renovado cada d\u00eda con este producto pensado para ti. \ud83c\udf1f Mantente activo y lleno de vitalidad cuidando tu salud en cada momento. \n<\/div>\n<p style=\"color:red;font-weight:bold;font-style:italic;font-size:1.1em\">\u00a1Activa tu bienestar hoy y haz tu pedido!<\/p>\n","protected":false},"featured_media":3127,"comment_status":"closed","ping_status":"closed","template":"","meta":{"_kad_post_transparent":"","_kad_post_title":"","_kad_post_layout":"","_kad_post_sidebar_id":"","_kad_post_content_style":"","_kad_post_vertical_padding":"","_kad_post_feature":"","_kad_post_feature_position":"","_kad_post_header":false,"_kad_post_footer":false},"product_brand":[],"product_cat":[92,94,166],"product_tag":[139,140,145,146,147,167,154],"class_list":{"0":"post-3095","1":"product","2":"type-product","3":"status-publish","4":"has-post-thumbnail","6":"product_cat-ampolletas-bebibles","7":"product_cat-laboratorios-vijosa","8":"product_cat-todo-dolor-y-vitaminas","9":"product_tag-anuncios-el-salvador","10":"product_tag-avisos-el-salvador","11":"product_tag-donde-comprar-vitaminas","12":"product_tag-el-salvador","13":"product_tag-energizantes","14":"product_tag-fortiplex-gold","15":"product_tag-necesito-vitaminas","17":"first","18":"instock","19":"shipping-taxable","20":"purchasable","21":"product-type-simple","22":"entry","23":"content-bg","24":"loop-entry"},"_links":{"self":[{"href":"https:\/\/vitaminaselsalvador.net\/index.php\/wp-json\/wp\/v2\/product\/3095","targetHints":{"allow":["GET"]}}],"collection":[{"href":"https:\/\/vitaminaselsalvador.net\/index.php\/wp-json\/wp\/v2\/product"}],"about":[{"href":"https:\/\/vitaminaselsalvador.net\/index.php\/wp-json\/wp\/v2\/types\/product"}],"replies":[{"embeddable":true,"href":"https:\/\/vitaminaselsalvador.net\/index.php\/wp-json\/wp\/v2\/comments?post=3095"}],"wp:featuredmedia":[{"embeddable":true,"href":"https:\/\/vitaminaselsalvador.net\/index.php\/wp-json\/wp\/v2\/media\/3127"}],"wp:attachment":[{"href":"https:\/\/vitaminaselsalvador.net\/index.php\/wp-json\/wp\/v2\/media?parent=3095"}],"wp:term":[{"taxonomy":"product_brand","embeddable":true,"href":"https:\/\/vitaminaselsalvador.net\/index.php\/wp-json\/wp\/v2\/product_brand?post=3095"},{"taxonomy":"product_cat","embeddable":true,"href":"https:\/\/vitaminaselsalvador.net\/index.php\/wp-json\/wp\/v2\/product_cat?post=3095"},{"taxonomy":"product_tag","embeddable":true,"href":"https:\/\/vitaminaselsalvador.net\/index.php\/wp-json\/wp\/v2\/product_tag?post=3095"}],"curies":[{"name":"wp","href":"https:\/\/api.w.org\/{rel}","templated":true}]}}