{"id":3092,"date":"2022-11-02T21:11:54","date_gmt":"2022-11-03T03:11:54","guid":{"rendered":"https:\/\/vitaminaselsalvador.net\/?post_type=product&#038;p=3092"},"modified":"2025-07-08T11:07:48","modified_gmt":"2025-07-08T17:07:48","slug":"elimina-el-estres-con-ultra-doceplex-bebible","status":"publish","type":"product","link":"https:\/\/vitaminaselsalvador.net\/index.php\/product\/elimina-el-estres-con-ultra-doceplex-bebible\/","title":{"rendered":"Elimina el estres con Ultra Doceplex Bebible"},"content":{"rendered":"<h4><\/h4>\n<h4 style=\"text-align: center;\"><em><strong><img loading=\"lazy\" decoding=\"async\" class=\"aligncenter size-full wp-image-843\" src=\"https:\/\/vitaminasdelsalvador.com\/wp-content\/uploads\/2013\/06\/2105111094-2.jpg\" alt=\"Vitaminas En El Salvador Ultra Doceplex NF\" width=\"220\" height=\"261\" \/><\/strong><\/em><\/h4>\n<h4 style=\"text-align: center;\"><em><strong>\u00a0<\/strong><\/em><\/h4>\n<h4 style=\"text-align: center;\"><em><strong>Presentaci\u00f3n: 12 Sobres De 10ml Cada Sobre<\/strong><\/em><\/h4>\n<h4 style=\"text-align: center;\"><em><strong><span style=\"color: #0000ff;\">Ultra Doceplex<\/span><\/strong><\/em><\/h4>\n<h4 style=\"text-align: center;\"><em><strong>Contiene Complejo B y Dimetiglicina (DMG) la cu\u00e1l es una sustancia natural derivada del amino\u00e1cido Glicina, \u00e9sta combinaci\u00f3n ayuda de manera m\u00e1s efectiva a aumentar el rendimiento f\u00edsico, a reducir la fatiga, a estimular la oxigenaci\u00f3n celular y a mejorar la sintesis de Neurotransmisores que ayudan a disminuir el estr\u00e9s<\/strong><\/em><\/h4>\n<h4><\/h4>\n","protected":false},"excerpt":{"rendered":"<h4 style=\"text-align: center;\"><strong><em><span style=\"color: #ff0000;\">Vitaminas Neurotropas\u00a0<\/span><\/em><\/strong><\/h4>\n<h4 style=\"text-align: center;\"><strong><em><span style=\"color: #0000ff;\">Complejo B + B12 + DMG<\/span><\/em><\/strong><\/h4>\n<h4 style=\"text-align: center;\"><strong><em>Aumenta el rendimiento f\u00edsico<\/em><\/strong><\/h4>\n<h4 style=\"text-align: center;\"><strong><em><img loading=\"lazy\" decoding=\"async\" class=\"aligncenter size-full wp-image-843\" src=\"http:\/\/vitaminas.comprarenelsalvador.com\/wp-content\/uploads\/2013\/06\/2105111094.jpg\" alt=\"Vitaminas En El Salvador Ultra Doceplex NF\" width=\"220\" height=\"261\" \/><\/em><\/strong><\/h4>\n<h4 style=\"text-align: center;\"><strong><em>Estimula la oxigenacion celular<\/em><\/strong><\/h4>\n<h4 style=\"text-align: center;\"><strong><em>Normaliza el colesterol<\/em><\/strong><\/h4>\n<h4 style=\"text-align: center;\"><strong><em>Reduce la fatiga<\/em><\/strong><\/h4>\n<p>&nbsp;<\/p>\n","protected":false},"featured_media":3122,"comment_status":"closed","ping_status":"closed","template":"","meta":{"_kad_post_transparent":"","_kad_post_title":"","_kad_post_layout":"","_kad_post_sidebar_id":"","_kad_post_content_style":"","_kad_post_vertical_padding":"","_kad_post_feature":"","_kad_post_feature_position":"","_kad_post_header":false,"_kad_post_footer":false},"product_brand":[],"product_cat":[93,94,95,108,96],"product_tag":[125,126,127,128,99,129,130,131,132],"class_list":{"0":"post-3092","1":"product","2":"type-product","3":"status-publish","4":"has-post-thumbnail","6":"product_cat-control-de-estres","7":"product_cat-laboratorios-vijosa","8":"product_cat-multivitaminas","9":"product_cat-salud-y-belleza","10":"product_cat-vitaminas-bebibles","11":"product_tag-aumentar-rendimiento-fisico","12":"product_tag-como-disminuir-el-estres","13":"product_tag-como-estimular-la-oxigenacion-celular","14":"product_tag-como-reducir-la-fatiga","15":"product_tag-complejo-b","16":"product_tag-ultradoceplex-bebible","17":"product_tag-ultradoceplex-bebible-amazon","18":"product_tag-ultradoceplex-bebible-ebay","19":"product_tag-ultradoceplex-bebible-original-de-el-salvador","21":"first","22":"instock","23":"shipping-taxable","24":"purchasable","25":"product-type-simple","26":"entry","27":"content-bg","28":"loop-entry"},"_links":{"self":[{"href":"https:\/\/vitaminaselsalvador.net\/index.php\/wp-json\/wp\/v2\/product\/3092","targetHints":{"allow":["GET"]}}],"collection":[{"href":"https:\/\/vitaminaselsalvador.net\/index.php\/wp-json\/wp\/v2\/product"}],"about":[{"href":"https:\/\/vitaminaselsalvador.net\/index.php\/wp-json\/wp\/v2\/types\/product"}],"replies":[{"embeddable":true,"href":"https:\/\/vitaminaselsalvador.net\/index.php\/wp-json\/wp\/v2\/comments?post=3092"}],"wp:featuredmedia":[{"embeddable":true,"href":"https:\/\/vitaminaselsalvador.net\/index.php\/wp-json\/wp\/v2\/media\/3122"}],"wp:attachment":[{"href":"https:\/\/vitaminaselsalvador.net\/index.php\/wp-json\/wp\/v2\/media?parent=3092"}],"wp:term":[{"taxonomy":"product_brand","embeddable":true,"href":"https:\/\/vitaminaselsalvador.net\/index.php\/wp-json\/wp\/v2\/product_brand?post=3092"},{"taxonomy":"product_cat","embeddable":true,"href":"https:\/\/vitaminaselsalvador.net\/index.php\/wp-json\/wp\/v2\/product_cat?post=3092"},{"taxonomy":"product_tag","embeddable":true,"href":"https:\/\/vitaminaselsalvador.net\/index.php\/wp-json\/wp\/v2\/product_tag?post=3092"}],"curies":[{"name":"wp","href":"https:\/\/api.w.org\/{rel}","templated":true}]}}