{"id":3091,"date":"2022-11-02T21:11:54","date_gmt":"2022-11-03T03:11:54","guid":{"rendered":"https:\/\/vitaminaselsalvador.net\/?post_type=product&#038;p=3091"},"modified":"2025-07-13T10:06:18","modified_gmt":"2025-07-13T16:06:18","slug":"activa-el-cerebro-con-foskrol-vitaminas-bebible-duo-pack-aporta-energia-y-concentracion-cada-dia-mejora-tu-rendimiento-mental-diariamente","status":"publish","type":"product","link":"https:\/\/vitaminaselsalvador.net\/index.php\/product\/activa-el-cerebro-con-foskrol-vitaminas-bebible-duo-pack-aporta-energia-y-concentracion-cada-dia-mejora-tu-rendimiento-mental-diariamente\/","title":{"rendered":"Activa el cerebro con FOSKROL VITAMINAS Bebible Duo Pack aporta energ\u00eda y concentraci\u00f3n cada d\u00eda, mejora tu rendimiento mental diariamente"},"content":{"rendered":"<div style=\"color:black;font-family: Arial, sans-serif\">\n\u00bfBuscas potenciar tu d\u00eda a d\u00eda con energ\u00eda y concentraci\u00f3n? \ud83d\udca1 En <strong>VitaGlobe &#8211; Tu salud, sin fronteras<\/strong>, te presentamos <strong>FOSKROL VITAMINAS Bebible Duo Pack<\/strong>, la elecci\u00f3n pr\u00e1ctica para quienes necesitan activar el cerebro y mantenerse enfocados constantemente. <\/p>\n<p>Este d\u00fao, especialmente dise\u00f1ado para brindar apoyo diario, te ayuda a sentirte m\u00e1s vital y preparado para los retos cotidianos. Ideal para quienes requieren un impulso confiable en su rendimiento mental, <strong>FOSKROL VITAMINAS<\/strong> ofrece una opci\u00f3n f\u00e1cil de beber y conveniente para integrar a tu rutina.  <\/p>\n<p><strong>Conecta tu salud con el mundo<\/strong> junto a VitaGlobe y descubre c\u00f3mo optimizar tu bienestar cada d\u00eda. Haz de la concentraci\u00f3n y la energ\u00eda tus mejores aliados. \ud83c\udf0d\u2728\n<\/div>\n","protected":false},"excerpt":{"rendered":"<div style=\"color:black;font-family: Arial, sans-serif\">\nDale un impulso a tu d\u00eda con <strong>FOSKROL VITAMINAS Bebible Duo Pack<\/strong> \ud83e\udde0\u2728. Siente la <strong>energ\u00eda<\/strong> y la <strong>concentraci\u00f3n<\/strong> que necesitas, cada jornada, para mantener tu mente activa y alerta. Vive al m\u00e1ximo cada momento con VitaGlobe: <strong>\u00a1tu salud sin fronteras!<\/strong>\n<\/div>\n<p style=\"color:red;font-weight:bold;font-style:italic;font-size:1.1em\">Con\u00e9ctate hoy con el bienestar y siente la diferencia. \u00a1Haz tu pedido ahora!<\/p>\n","protected":false},"featured_media":3121,"comment_status":"closed","ping_status":"closed","template":"","meta":{"_kad_post_transparent":"","_kad_post_title":"","_kad_post_layout":"","_kad_post_sidebar_id":"","_kad_post_content_style":"","_kad_post_vertical_padding":"","_kad_post_feature":"","_kad_post_feature_position":"","_kad_post_header":false,"_kad_post_footer":false},"product_brand":[],"product_cat":[93,106,95,108,96,97],"product_tag":[122,123,124],"class_list":{"0":"post-3091","1":"product","2":"type-product","3":"status-publish","4":"has-post-thumbnail","6":"product_cat-control-de-estres","7":"product_cat-laboratorios-biokemical","8":"product_cat-multivitaminas","9":"product_cat-salud-y-belleza","10":"product_cat-vitaminas-bebibles","11":"product_cat-vitaminas-neurotropas","12":"product_tag-foskrol-vitaminas","13":"product_tag-foskrol-vitaminas-para-el-cerebro","14":"product_tag-foskrol-vitaminas-viales-bebibles-15-ml-x-10","16":"first","17":"instock","18":"shipping-taxable","19":"purchasable","20":"product-type-simple","21":"entry","22":"content-bg","23":"loop-entry"},"_links":{"self":[{"href":"https:\/\/vitaminaselsalvador.net\/index.php\/wp-json\/wp\/v2\/product\/3091","targetHints":{"allow":["GET"]}}],"collection":[{"href":"https:\/\/vitaminaselsalvador.net\/index.php\/wp-json\/wp\/v2\/product"}],"about":[{"href":"https:\/\/vitaminaselsalvador.net\/index.php\/wp-json\/wp\/v2\/types\/product"}],"replies":[{"embeddable":true,"href":"https:\/\/vitaminaselsalvador.net\/index.php\/wp-json\/wp\/v2\/comments?post=3091"}],"wp:featuredmedia":[{"embeddable":true,"href":"https:\/\/vitaminaselsalvador.net\/index.php\/wp-json\/wp\/v2\/media\/3121"}],"wp:attachment":[{"href":"https:\/\/vitaminaselsalvador.net\/index.php\/wp-json\/wp\/v2\/media?parent=3091"}],"wp:term":[{"taxonomy":"product_brand","embeddable":true,"href":"https:\/\/vitaminaselsalvador.net\/index.php\/wp-json\/wp\/v2\/product_brand?post=3091"},{"taxonomy":"product_cat","embeddable":true,"href":"https:\/\/vitaminaselsalvador.net\/index.php\/wp-json\/wp\/v2\/product_cat?post=3091"},{"taxonomy":"product_tag","embeddable":true,"href":"https:\/\/vitaminaselsalvador.net\/index.php\/wp-json\/wp\/v2\/product_tag?post=3091"}],"curies":[{"name":"wp","href":"https:\/\/api.w.org\/{rel}","templated":true}]}}