{"id":3089,"date":"2022-11-02T21:11:53","date_gmt":"2022-11-03T03:11:53","guid":{"rendered":"https:\/\/vitaminaselsalvador.net\/?post_type=product&#038;p=3089"},"modified":"2025-07-12T23:06:17","modified_gmt":"2025-07-13T05:06:17","slug":"combate-el-agotamiento-con-griin-vitamin-revitaliza-tu-energia-cada-dia-nutre-tu-cuerpo-para-un-bienestar-duradero","status":"publish","type":"product","link":"https:\/\/vitaminaselsalvador.net\/index.php\/product\/combate-el-agotamiento-con-griin-vitamin-revitaliza-tu-energia-cada-dia-nutre-tu-cuerpo-para-un-bienestar-duradero\/","title":{"rendered":"Combate el agotamiento con GRIIN VITAMIN revitaliza tu energ\u00eda cada d\u00eda nutre tu cuerpo para un bienestar duradero"},"content":{"rendered":"<div style=\"color:black;font-family: Arial, sans-serif\">\n<strong>Descubre la energ\u00eda renovada con GRIIN VITAMIN en VitaGlobe<\/strong> \ud83c\udf3f\u2728<\/p>\n<p>\u00bfSientes agotamiento en tu rutina diaria? <strong>GRIIN VITAMIN<\/strong> est\u00e1 dise\u00f1ado para ayudarte a <strong>combatir el cansancio<\/strong> y revitalizar tu energ\u00eda cada d\u00eda. Este producto, disponible en VitaGlobe \u2013 Tu salud, sin fronteras, es tu aliado para recuperar las fuerzas necesarias e impulsar tu bienestar.<\/p>\n<p>Desde el primer consumo, GRIIN VITAMIN <strong>te apoya en la recuperaci\u00f3n de la vitalidad<\/strong> que necesitas para enfrentar tus actividades diarias. Su f\u00f3rmula est\u00e1 pensada espec\u00edficamente para quienes buscan un soporte diario y un impulso natural a su energ\u00eda.<\/p>\n<p>En VitaGlobe, <strong>\u201cConectando salud con el mundo,\u201d<\/strong> te acercamos soluciones confiables y de calidad. Haz de GRIIN VITAMIN parte de tu rutina diaria y siente la diferencia. \u00a1Desp\u00eddete del agotamiento y recup\u00e9rate con vitalidad! \ud83d\udc9a<\/p>\n<p><strong>VitaGlobe<\/strong>: Tu salud, sin fronteras.\n<\/div>\n","protected":false},"excerpt":{"rendered":"<div style=\"color:black;font-family: Arial, sans-serif\">\nRecupera tu vitalidad con <strong>GRIIN VITAMIN<\/strong> \ud83c\udf3f. <strong>Combate el agotamiento<\/strong> y siente c\u00f3mo <strong>revitaliza tu energ\u00eda<\/strong> cada d\u00eda. Vive al m\u00e1ximo y mantente activo desde el primer momento. Ideal para quienes buscan potenciar su bienestar diario de forma pr\u00e1ctica y sencilla.<\/p>\n<p style=\"color:red;font-weight:bold;font-style:italic;font-size:1.1em\">\u00a1Dale a tu cuerpo el impulso que necesita y conquista tu d\u00eda con VitaGlobe!<\/p>\n<\/div>\n","protected":false},"featured_media":3119,"comment_status":"open","ping_status":"closed","template":"","meta":{"_kad_post_transparent":"","_kad_post_title":"","_kad_post_layout":"","_kad_post_sidebar_id":"","_kad_post_content_style":"","_kad_post_vertical_padding":"","_kad_post_feature":"","_kad_post_feature_position":"","_kad_post_header":false,"_kad_post_footer":false},"product_brand":[],"product_cat":[92,93,94,95,96,97,98],"product_tag":[99,100,101,102,103],"class_list":{"0":"post-3089","1":"product","2":"type-product","3":"status-publish","4":"has-post-thumbnail","6":"product_cat-ampolletas-bebibles","7":"product_cat-control-de-estres","8":"product_cat-laboratorios-vijosa","9":"product_cat-multivitaminas","10":"product_cat-vitaminas-bebibles","11":"product_cat-vitaminas-neurotropas","12":"product_cat-vitaminas-y-suplementos","13":"product_tag-complejo-b","14":"product_tag-complejo-b12","15":"product_tag-eleutero","16":"product_tag-ginseng-americano","17":"product_tag-maca","19":"first","20":"instock","21":"shipping-taxable","22":"purchasable","23":"product-type-simple","24":"entry","25":"content-bg","26":"loop-entry"},"_links":{"self":[{"href":"https:\/\/vitaminaselsalvador.net\/index.php\/wp-json\/wp\/v2\/product\/3089","targetHints":{"allow":["GET"]}}],"collection":[{"href":"https:\/\/vitaminaselsalvador.net\/index.php\/wp-json\/wp\/v2\/product"}],"about":[{"href":"https:\/\/vitaminaselsalvador.net\/index.php\/wp-json\/wp\/v2\/types\/product"}],"replies":[{"embeddable":true,"href":"https:\/\/vitaminaselsalvador.net\/index.php\/wp-json\/wp\/v2\/comments?post=3089"}],"wp:featuredmedia":[{"embeddable":true,"href":"https:\/\/vitaminaselsalvador.net\/index.php\/wp-json\/wp\/v2\/media\/3119"}],"wp:attachment":[{"href":"https:\/\/vitaminaselsalvador.net\/index.php\/wp-json\/wp\/v2\/media?parent=3089"}],"wp:term":[{"taxonomy":"product_brand","embeddable":true,"href":"https:\/\/vitaminaselsalvador.net\/index.php\/wp-json\/wp\/v2\/product_brand?post=3089"},{"taxonomy":"product_cat","embeddable":true,"href":"https:\/\/vitaminaselsalvador.net\/index.php\/wp-json\/wp\/v2\/product_cat?post=3089"},{"taxonomy":"product_tag","embeddable":true,"href":"https:\/\/vitaminaselsalvador.net\/index.php\/wp-json\/wp\/v2\/product_tag?post=3089"}],"curies":[{"name":"wp","href":"https:\/\/api.w.org\/{rel}","templated":true}]}}