{"id":4577,"date":"2025-11-20T12:03:12","date_gmt":"2025-11-20T18:03:12","guid":{"rendered":"https:\/\/vitaminaselsalvador.net\/?page_id=4577"},"modified":"2025-11-20T12:03:12","modified_gmt":"2025-11-20T18:03:12","slug":"terminos-y-condiciones","status":"publish","type":"page","link":"https:\/\/vitaminaselsalvador.net\/index.php\/terminos-y-condiciones\/","title":{"rendered":"T\u00e9rminos y Condiciones"},"content":{"rendered":"\n<h2 class=\"wp-block-heading\">Bienvenido a VITAGLOBE<\/h2>\n\n\n\n<p>Al utilizar este sitio web, usted acepta cumplir con los siguientes t\u00e9rminos y condiciones. Por favor, l\u00e9alos cuidadosamente antes de realizar una compra.<\/p>\n\n\n\n<h3 class=\"wp-block-heading\">1. Uso del Sitio<\/h3>\n\n\n\n<p>VITAGLOBE es una tienda en l\u00ednea dedicada a la venta y exportaci\u00f3n de suplementos vitam\u00ednicos y productos de bienestar desde El Salvador hacia destinos internacionales.<\/p>\n\n\n\n<h3 class=\"wp-block-heading\">2. Descargo de Responsabilidad de Salud<\/h3>\n\n\n\n<p>Los productos vendidos en este sitio son suplementos nutricionales y vitaminas. <strong>No son medicamentos recetados.<\/strong> La informaci\u00f3n proporcionada en este sitio no pretende sustituir el consejo m\u00e9dico profesional. Consulte siempre a su m\u00e9dico antes de iniciar cualquier r\u00e9gimen de suplementos.<\/p>\n\n\n\n<h3 class=\"wp-block-heading\">3. Precios y Pagos<\/h3>\n\n\n\n<p>Todos los precios est\u00e1n expresados en D\u00f3lares Americanos (USD). Nos reservamos el derecho de modificar los precios sin previo aviso. Los pagos son procesados de forma segura a trav\u00e9s de nuestras pasarelas de pago autorizadas.<\/p>\n\n\n\n<h3 class=\"wp-block-heading\">4. Legislaci\u00f3n Aplicable<\/h3>\n\n\n\n<p>Estos t\u00e9rminos se rigen por las leyes de la Rep\u00fablica de El Salvador. Cualquier disputa ser\u00e1 resuelta en los tribunales competentes de San Salvador.<\/p>\n","protected":false},"excerpt":{"rendered":"<p>Bienvenido a VITAGLOBE Al utilizar este sitio web, usted acepta cumplir con los siguientes t\u00e9rminos y condiciones. Por favor, l\u00e9alos cuidadosamente antes de realizar una compra. 1. Uso del Sitio VITAGLOBE es una tienda en l\u00ednea dedicada a la venta y exportaci\u00f3n de suplementos vitam\u00ednicos y productos de bienestar desde El Salvador hacia destinos internacionales&#8230;.<\/p>\n","protected":false},"author":1,"featured_media":0,"parent":0,"menu_order":0,"comment_status":"closed","ping_status":"closed","template":"","meta":{"_kad_post_transparent":"","_kad_post_title":"hide","_kad_post_layout":"","_kad_post_sidebar_id":"","_kad_post_content_style":"","_kad_post_vertical_padding":"","_kad_post_feature":"","_kad_post_feature_position":"","_kad_post_header":false,"_kad_post_footer":false,"footnotes":""},"class_list":["post-4577","page","type-page","status-publish","hentry"],"_links":{"self":[{"href":"https:\/\/vitaminaselsalvador.net\/index.php\/wp-json\/wp\/v2\/pages\/4577","targetHints":{"allow":["GET"]}}],"collection":[{"href":"https:\/\/vitaminaselsalvador.net\/index.php\/wp-json\/wp\/v2\/pages"}],"about":[{"href":"https:\/\/vitaminaselsalvador.net\/index.php\/wp-json\/wp\/v2\/types\/page"}],"author":[{"embeddable":true,"href":"https:\/\/vitaminaselsalvador.net\/index.php\/wp-json\/wp\/v2\/users\/1"}],"replies":[{"embeddable":true,"href":"https:\/\/vitaminaselsalvador.net\/index.php\/wp-json\/wp\/v2\/comments?post=4577"}],"version-history":[{"count":0,"href":"https:\/\/vitaminaselsalvador.net\/index.php\/wp-json\/wp\/v2\/pages\/4577\/revisions"}],"wp:attachment":[{"href":"https:\/\/vitaminaselsalvador.net\/index.php\/wp-json\/wp\/v2\/media?parent=4577"}],"curies":[{"name":"wp","href":"https:\/\/api.w.org\/{rel}","templated":true}]}}